{"id":313,"date":"2026-03-23T21:48:05","date_gmt":"2026-03-23T19:48:05","guid":{"rendered":"https:\/\/www.laplandsahko.fi\/?page_id=313"},"modified":"2026-03-23T21:50:33","modified_gmt":"2026-03-23T19:50:33","slug":"yleiset-sopimusehdot","status":"publish","type":"page","link":"https:\/\/www.laplandsahko.fi\/index.php\/yleiset-sopimusehdot\/","title":{"rendered":"YLEISET SOPIMUSEHDOT"},"content":{"rendered":"\n<p>1. Palveluntarjoajan tiedot<\/p>\n\n\n\n<p><\/p>\n\n\n\n<p>Lapland S\u00e4hk\u00f6 Oy<\/p>\n\n\n\n<p>Rovaniemi, Suomi<\/p>\n\n\n\n<p>Y-Tunnus 3384570-9<\/p>\n\n\n\n<p>Tukes: TP109775<\/p>\n\n\n\n<p>Puhelin: 045 7837 6189<\/p>\n\n\n\n<p>S\u00e4hk\u00f6posti: laplandsahko@gmail.com<\/p>\n\n\n\n<p>Yritys on rekister\u00f6ity s\u00e4hk\u00f6urakoitsija Suomessa ja toimii voimassa olevan lains\u00e4\u00e4d\u00e4nn\u00f6n sek\u00e4<\/p>\n\n\n\n<p>turvallisuusm\u00e4\u00e4r\u00e4ysten mukaisesti.<\/p>\n\n\n\n<p>2. Palveluiden sis\u00e4lt\u00f6<\/p>\n\n\n\n<p>Lapland S\u00e4hk\u00f6 Oy tarjoaa seuraavia palveluita:<\/p>\n\n\n\n<p>&#8211; s\u00e4hk\u00f6asennukset<\/p>\n\n\n\n<p>&#8211; s\u00e4hk\u00f6j\u00e4rjestelmien modernisointi<\/p>\n\n\n\n<p>&#8211; s\u00e4hk\u00f6autojen latausasemien (EV) asennus<\/p>\n\n\n\n<p>&#8211; valaistusasennukset<\/p>\n\n\n\n<p>&#8211; s\u00e4hk\u00f6j\u00e4rjestelmien huolto ja korjaus<\/p>\n\n\n\n<p>Tarkka ty\u00f6n sis\u00e4lt\u00f6 m\u00e4\u00e4ritell\u00e4\u00e4n aina tarjouksessa.<\/p>\n\n\n\n<p>3. Tarjous ja sopimuksen syntyminen<\/p>\n\n\n\n<p>Tarjous sis\u00e4lt\u00e4\u00e4 ty\u00f6n laajuuden, hinnan tai hinnan m\u00e4\u00e4r\u00e4ytymisperusteen sek\u00e4 arvioidun toteutusajan.<\/p>\n\n\n\n<p>Tarjous on voimassa 7 p\u00e4iv\u00e4\u00e4, ellei muuta mainita.<\/p>\n\n\n\n<p>Sopimus syntyy asiakkaan hyv\u00e4ksynn\u00e4ll\u00e4 tai ty\u00f6n aloittamisella.<\/p>\n\n\n\n<p>4. Ty\u00f6n toteuttamisen ehdot<\/p>\n\n\n\n<p>Asiakas varmistaa p\u00e4\u00e4syn kohteeseen, s\u00e4hk\u00f6j\u00e4rjestelm\u00e4\u00e4n ja turvalliset ty\u00f6olosuhteet.<\/p>\n\n\n\n<p>Asiakkaan tulee suojata omaisuus ty\u00f6alueella.<\/p>\n\n\n\n<p>Ty\u00f6t tehd\u00e4\u00e4n turvajalkineissa.<\/p>\n\n\n\n<p>Urakoitsija ei vastaa normaalista likaantumisesta.<\/p>\n\n\n\n<p>5. Vastuu olemassa olevasta s\u00e4hk\u00f6j\u00e4rjestelm\u00e4st\u00e4<\/p>\n\n\n\n<p>Urakoitsija ei vastaa olemassa olevan s\u00e4hk\u00f6j\u00e4rjestelm\u00e4n kunnosta.<\/p>\n\n\n\n<p>Tarvittaessa ty\u00f6 voidaan keskeytt\u00e4\u00e4 tai lis\u00e4ty\u00f6t ehdottaa.<\/p>\n\n\n\n<p>6. Lis\u00e4ty\u00f6t ja lis\u00e4kustannukset<\/p>\n\n\n\n<p>Ennalta arvaamattomat tilanteet voivat aiheuttaa lis\u00e4t\u00f6it\u00e4 ja kustannuksia.<\/p>\n\n\n\n<p>Lis\u00e4ty\u00f6t tehd\u00e4\u00e4n asiakkaan hyv\u00e4ksynn\u00e4ll\u00e4.<\/p>\n\n\n\n<p>7. EV-latausasemien asennus<\/p>\n\n\n\n<p>Vakiotoimitus sis\u00e4lt\u00e4\u00e4 vain tarjouksen mukaiset ty\u00f6t.<\/p>\n\n\n\n<p>Ei sis\u00e4ll\u00e4 modernisointia, kaivuut\u00f6it\u00e4 tai rakennust\u00f6it\u00e4.<\/p>\n\n\n\n<p>8. Hinnat ja maksuehdot<\/p>\n\n\n\n<p>Maksu heti ty\u00f6n valmistuttua (kortti\/k\u00e4teinen).<\/p>\n\n\n\n<p>Laskutus alle 300 \u20ac: laskutuslis\u00e4 10 \u20ac.<\/p>\n\n\n\n<p>Maksuaika 7 p\u00e4iv\u00e4\u00e4.<\/p>\n\n\n\n<p>Viiv\u00e4styskorko ja muistutuskulut lain mukaan.<\/p>\n\n\n\n<p>9. Toimitusajat<\/p>\n\n\n\n<p>Toimitusajat ovat arvioita.<\/p>\n\n\n\n<p>Ei vastuuta viiv\u00e4styksist\u00e4 (s\u00e4\u00e4, toimitukset, p\u00e4\u00e4sy).<\/p>\n\n\n\n<p>10. Reklamaatiot<\/p>\n\n\n\n<p>Reklamaatio teht\u00e4v\u00e4 viipym\u00e4tt\u00e4.<\/p>\n\n\n\n<p>Sis\u00e4lt\u00e4\u00e4 kuvauksen, asiakkaan tiedot ja osoitteen.<\/p>\n\n\n\n<p>11. Takuu ja vastuu<\/p>\n\n\n\n<p>Takuu ei kata v\u00e4\u00e4rink\u00e4ytt\u00f6\u00e4 tai normaalia kulumista.<\/p>\n\n\n\n<p>Vastuu rajoittuu ty\u00f6n arvoon.<\/p>\n\n\n\n<p>12. Tilauksen peruuttaminen<\/p>\n\n\n\n<p>Alle 24h: veloitus mahdollinen.<\/p>\n\n\n\n<p>Ty\u00f6n aloituksen j\u00e4lkeen: kustannukset asiakkaalle.<br><br><\/p>\n\n\n\n<p>13. Force majeure<\/p>\n\n\n\n<p>Ei vastuuta ylivoimaisista esteist\u00e4.<\/p>\n\n\n\n<p>14. Ehtojen muutokset<\/p>\n\n\n\n<p>Ehdot voivat muuttua ilman vaikutusta aiempiin sopimuksiin.<\/p>\n\n\n\n<p>15. Sovellettava laki<\/p>\n\n\n\n<p>Sovellettava laki: Suomi.<\/p>\n\n\n\n<p>16. Kuluttajansuoja<\/p>\n\n\n\n<p>Kuluttajansuoja s\u00e4ilyy lain mukaisesti.<\/p>\n\n\n\n<p>17. Yhteystiedot<\/p>\n\n\n\n<p>Lapland S\u00e4hk\u00f6 Oy<\/p>\n\n\n\n<p>Rovaniemi<\/p>\n\n\n\n<p>045 7837 6189<\/p>\n\n\n\n<p>laplandsahko@gmail.com<\/p>\n\n\n\n<figure class=\"wp-block-image size-large is-resized\"><img loading=\"lazy\" decoding=\"async\" width=\"1024\" height=\"1024\" src=\"https:\/\/www.laplandsahko.fi\/wp-content\/uploads\/2025\/03\/Zdjecie-WhatsApp-2025-03-22-o-19.21.50_5fa65be2-1024x1024.jpg\" alt=\"\" class=\"wp-image-39\" style=\"width:148px;height:auto\" srcset=\"https:\/\/www.laplandsahko.fi\/wp-content\/uploads\/2025\/03\/Zdjecie-WhatsApp-2025-03-22-o-19.21.50_5fa65be2-1024x1024.jpg 1024w, https:\/\/www.laplandsahko.fi\/wp-content\/uploads\/2025\/03\/Zdjecie-WhatsApp-2025-03-22-o-19.21.50_5fa65be2-300x300.jpg 300w, https:\/\/www.laplandsahko.fi\/wp-content\/uploads\/2025\/03\/Zdjecie-WhatsApp-2025-03-22-o-19.21.50_5fa65be2-150x150.jpg 150w, https:\/\/www.laplandsahko.fi\/wp-content\/uploads\/2025\/03\/Zdjecie-WhatsApp-2025-03-22-o-19.21.50_5fa65be2-768x768.jpg 768w, https:\/\/www.laplandsahko.fi\/wp-content\/uploads\/2025\/03\/Zdjecie-WhatsApp-2025-03-22-o-19.21.50_5fa65be2-1536x1536.jpg 1536w, https:\/\/www.laplandsahko.fi\/wp-content\/uploads\/2025\/03\/Zdjecie-WhatsApp-2025-03-22-o-19.21.50_5fa65be2.jpg 2048w\" sizes=\"auto, (max-width: 1024px) 100vw, 1024px\" \/><\/figure>\n","protected":false},"excerpt":{"rendered":"<p>1. Palveluntarjoajan tiedot Lapland S\u00e4hk\u00f6 Oy Rovaniemi, Suomi Y-Tunnus 3384570-9 Tukes: TP109775 Puhelin: 045 7837 6189 S\u00e4hk\u00f6posti: laplandsahko@gmail.com Yritys on rekister\u00f6ity s\u00e4hk\u00f6urakoitsija Suomessa ja toimii voimassa olevan lains\u00e4\u00e4d\u00e4nn\u00f6n sek\u00e4 turvallisuusm\u00e4\u00e4r\u00e4ysten mukaisesti. 2. Palveluiden sis\u00e4lt\u00f6 Lapland S\u00e4hk\u00f6 Oy tarjoaa seuraavia palveluita: &#8211; s\u00e4hk\u00f6asennukset &#8211; s\u00e4hk\u00f6j\u00e4rjestelmien modernisointi &#8211; s\u00e4hk\u00f6autojen latausasemien (EV) asennus &#8211; valaistusasennukset &#8211; s\u00e4hk\u00f6j\u00e4rjestelmien huolto [&hellip;]<\/p>\n","protected":false},"author":1,"featured_media":0,"parent":0,"menu_order":0,"comment_status":"closed","ping_status":"closed","template":"","meta":{"footnotes":""},"class_list":["post-313","page","type-page","status-publish","hentry"],"_links":{"self":[{"href":"https:\/\/www.laplandsahko.fi\/index.php\/wp-json\/wp\/v2\/pages\/313","targetHints":{"allow":["GET"]}}],"collection":[{"href":"https:\/\/www.laplandsahko.fi\/index.php\/wp-json\/wp\/v2\/pages"}],"about":[{"href":"https:\/\/www.laplandsahko.fi\/index.php\/wp-json\/wp\/v2\/types\/page"}],"author":[{"embeddable":true,"href":"https:\/\/www.laplandsahko.fi\/index.php\/wp-json\/wp\/v2\/users\/1"}],"replies":[{"embeddable":true,"href":"https:\/\/www.laplandsahko.fi\/index.php\/wp-json\/wp\/v2\/comments?post=313"}],"version-history":[{"count":3,"href":"https:\/\/www.laplandsahko.fi\/index.php\/wp-json\/wp\/v2\/pages\/313\/revisions"}],"predecessor-version":[{"id":318,"href":"https:\/\/www.laplandsahko.fi\/index.php\/wp-json\/wp\/v2\/pages\/313\/revisions\/318"}],"wp:attachment":[{"href":"https:\/\/www.laplandsahko.fi\/index.php\/wp-json\/wp\/v2\/media?parent=313"}],"curies":[{"name":"wp","href":"https:\/\/api.w.org\/{rel}","templated":true}]}}