{"id":306,"date":"2026-03-23T17:35:14","date_gmt":"2026-03-23T15:35:14","guid":{"rendered":"https:\/\/www.laplandsahko.fi\/?page_id=306"},"modified":"2026-03-23T21:28:49","modified_gmt":"2026-03-23T19:28:49","slug":"evastekaytanto-cookies","status":"publish","type":"page","link":"https:\/\/www.laplandsahko.fi\/index.php\/evastekaytanto-cookies\/","title":{"rendered":"Ev\u00e4stek\u00e4yt\u00e4nt\u00f6 (Cookies)"},"content":{"rendered":"\n<h3 class=\"wp-block-heading\"><\/h3>\n\n\n\n<p>1. Mit\u00e4 ev\u00e4steet ovat<\/p>\n\n\n\n<p>Ev\u00e4steet (cookies) ovat pieni\u00e4 tekstitiedostoja, jotka tallennetaan k\u00e4ytt\u00e4j\u00e4n laitteelle verkkosivustoa k\u00e4ytett\u00e4ess\u00e4.<\/p>\n\n\n\n<p>Niiden avulla sivusto toimii oikein, parantaa k\u00e4ytt\u00f6kokemusta sek\u00e4 ker\u00e4\u00e4 tietoa sivuston k\u00e4yt\u00f6st\u00e4.<\/p>\n\n\n\n<p>2. Mihin k\u00e4yt\u00e4mme ev\u00e4steit\u00e4<\/p>\n\n\n\n<p>Lapland S\u00e4hk\u00f6 Oy k\u00e4ytt\u00e4\u00e4 ev\u00e4steit\u00e4 seuraaviin tarkoituksiin:<\/p>\n\n\n\n<p>Sivuston toiminnallisuuden varmistaminen<\/p>\n\n\n\n<p>K\u00e4ytt\u00e4j\u00e4kokemuksen parantaminen<\/p>\n\n\n\n<p>Sivuston k\u00e4yt\u00f6n analysointi (esim. Google Analytics)<\/p>\n\n\n\n<p>Markkinointi ja mainonta (esim. Google Ads, Meta\/Facebook)<\/p>\n\n\n\n<p>3. K\u00e4ytt\u00e4m\u00e4mme ev\u00e4stetyypit<\/p>\n\n\n\n<p>V\u00e4ltt\u00e4m\u00e4tt\u00f6m\u00e4t ev\u00e4steet<\/p>\n\n\n\n<p>Tarvitaan sivuston perustoimintoihin<\/p>\n\n\n\n<p>Ei voida poistaa k\u00e4yt\u00f6st\u00e4<\/p>\n\n\n\n<p>Analytiikkaev\u00e4steet<\/p>\n\n\n\n<p>Auttaa ymm\u00e4rt\u00e4m\u00e4\u00e4n, miten sivustoa k\u00e4ytet\u00e4\u00e4n<\/p>\n\n\n\n<p>Esim. Google Analytics<\/p>\n\n\n\n<p>Markkinointiev\u00e4steet<\/p>\n\n\n\n<p>K\u00e4ytet\u00e4\u00e4n mainonnan kohdentamiseen<\/p>\n\n\n\n<p>Esim. Facebook Pixel, Google Ads<\/p>\n\n\n\n<p>4. Ev\u00e4steiden hallinta<\/p>\n\n\n\n<p>K\u00e4ytt\u00e4j\u00e4 voi:<\/p>\n\n\n\n<p>hyv\u00e4ksy\u00e4 tai hyl\u00e4t\u00e4 ev\u00e4steet ev\u00e4stebannerissa<\/p>\n\n\n\n<p>est\u00e4\u00e4 ev\u00e4steet selaimen asetuksista<\/p>\n\n\n\n<p>poistaa tallennetut ev\u00e4steet milloin tahansa<\/p>\n\n\n\n<p>Huomioithan, ett\u00e4 ev\u00e4steiden est\u00e4minen voi vaikuttaa sivuston toimintaan.<\/p>\n\n\n\n<p>5. Kolmannet osapuolet<\/p>\n\n\n\n<p>Sivusto voi k\u00e4ytt\u00e4\u00e4 kolmansien osapuolien palveluita, kuten:<\/p>\n\n\n\n<p>Google (Analytics, Ads)<\/p>\n\n\n\n<p>Meta (Facebook Pixel)<\/p>\n\n\n\n<p>N\u00e4m\u00e4 palvelut voivat k\u00e4sitell\u00e4 tietoja omien tietosuojak\u00e4yt\u00e4nt\u00f6jens\u00e4 mukaisesti.<\/p>\n\n\n\n<p>6. Muutokset<\/p>\n\n\n\n<p>Pid\u00e4t\u00e4mme oikeuden p\u00e4ivitt\u00e4\u00e4 t\u00e4t\u00e4 ev\u00e4stek\u00e4yt\u00e4nt\u00f6\u00e4.<\/p>\n\n\n\n<p>7. Yhteydenotto<\/p>\n\n\n\n<p>\ud83d\udce7 laplandsahko@gmail.com<\/p>\n\n\n\n<p>P\u00e4ivitetty: 01.03.2026<\/p>\n\n\n\n<p>Lapland S\u00e4hk\u00f6 Oy<\/p>\n\n\n\n<p><\/p>\n","protected":false},"excerpt":{"rendered":"<p>1. Mit\u00e4 ev\u00e4steet ovat Ev\u00e4steet (cookies) ovat pieni\u00e4 tekstitiedostoja, jotka tallennetaan k\u00e4ytt\u00e4j\u00e4n laitteelle verkkosivustoa k\u00e4ytett\u00e4ess\u00e4. Niiden avulla sivusto toimii oikein, parantaa k\u00e4ytt\u00f6kokemusta sek\u00e4 ker\u00e4\u00e4 tietoa sivuston k\u00e4yt\u00f6st\u00e4. 2. Mihin k\u00e4yt\u00e4mme ev\u00e4steit\u00e4 Lapland S\u00e4hk\u00f6 Oy k\u00e4ytt\u00e4\u00e4 ev\u00e4steit\u00e4 seuraaviin tarkoituksiin: Sivuston toiminnallisuuden varmistaminen K\u00e4ytt\u00e4j\u00e4kokemuksen parantaminen Sivuston k\u00e4yt\u00f6n analysointi (esim. Google Analytics) Markkinointi ja mainonta (esim. Google Ads, [&hellip;]<\/p>\n","protected":false},"author":1,"featured_media":0,"parent":0,"menu_order":0,"comment_status":"closed","ping_status":"closed","template":"","meta":{"footnotes":""},"class_list":["post-306","page","type-page","status-publish","hentry"],"_links":{"self":[{"href":"https:\/\/www.laplandsahko.fi\/index.php\/wp-json\/wp\/v2\/pages\/306","targetHints":{"allow":["GET"]}}],"collection":[{"href":"https:\/\/www.laplandsahko.fi\/index.php\/wp-json\/wp\/v2\/pages"}],"about":[{"href":"https:\/\/www.laplandsahko.fi\/index.php\/wp-json\/wp\/v2\/types\/page"}],"author":[{"embeddable":true,"href":"https:\/\/www.laplandsahko.fi\/index.php\/wp-json\/wp\/v2\/users\/1"}],"replies":[{"embeddable":true,"href":"https:\/\/www.laplandsahko.fi\/index.php\/wp-json\/wp\/v2\/comments?post=306"}],"version-history":[{"count":2,"href":"https:\/\/www.laplandsahko.fi\/index.php\/wp-json\/wp\/v2\/pages\/306\/revisions"}],"predecessor-version":[{"id":309,"href":"https:\/\/www.laplandsahko.fi\/index.php\/wp-json\/wp\/v2\/pages\/306\/revisions\/309"}],"wp:attachment":[{"href":"https:\/\/www.laplandsahko.fi\/index.php\/wp-json\/wp\/v2\/media?parent=306"}],"curies":[{"name":"wp","href":"https:\/\/api.w.org\/{rel}","templated":true}]}}