{"id":20,"date":"2025-03-22T18:50:06","date_gmt":"2025-03-22T18:50:06","guid":{"rendered":"https:\/\/www.laplandsahko.fi\/?page_id=20"},"modified":"2025-04-04T08:55:17","modified_gmt":"2025-04-04T06:55:17","slug":"meista","status":"publish","type":"page","link":"https:\/\/www.laplandsahko.fi\/index.php\/meista\/","title":{"rendered":"Meist\u00e4"},"content":{"rendered":"\n<div class=\"wp-block-cover alignfull\" style=\"min-height:320px;aspect-ratio:unset;\"><span aria-hidden=\"true\" class=\"wp-block-cover__background has-nv-site-bg-background-color has-background-dim-100 has-background-dim\"><\/span><div class=\"wp-block-cover__inner-container is-layout-flow wp-block-cover-is-layout-flow\">\n<div class=\"wp-block-group is-layout-flow wp-block-group-is-layout-flow\" style=\"padding-right:var(--wp--preset--spacing--30);padding-left:var(--wp--preset--spacing--30)\">\n<div class=\"wp-block-columns are-vertically-aligned-center is-layout-flex wp-container-core-columns-is-layout-28f84493 wp-block-columns-is-layout-flex\">\n<div class=\"wp-block-column is-vertically-aligned-center is-layout-flow wp-block-column-is-layout-flow\" style=\"flex-basis:70%\">\n<div style=\"height:24px\" aria-hidden=\"true\" class=\"wp-block-spacer\"><\/div>\n\n\n\n<h1 class=\"wp-block-heading has-text-align-left has-neve-text-color-color has-text-color\">Meist\u00e4<\/h1>\n<\/div>\n\n\n\n<div class=\"wp-block-column is-vertically-aligned-center is-layout-flow wp-block-column-is-layout-flow\" style=\"flex-basis:30%\"><\/div>\n<\/div>\n<\/div>\n<\/div><\/div>\n\n\n\n<div class=\"wp-block-cover alignfull\" style=\"min-height:600px;aspect-ratio:unset;\"><span aria-hidden=\"true\" class=\"wp-block-cover__background has-nv-light-bg-background-color has-background-dim-100 has-background-dim\"><\/span><div class=\"wp-block-cover__inner-container is-layout-flow wp-block-cover-is-layout-flow\">\n<div class=\"wp-block-group is-layout-flow wp-block-group-is-layout-flow\">\n<div style=\"height:80px\" aria-hidden=\"true\" class=\"wp-block-spacer\"><\/div>\n\n\n\n<div class=\"wp-block-cover alignwide\" style=\"min-height:593px;aspect-ratio:unset;\"><span aria-hidden=\"true\" class=\"wp-block-cover__background has-background-dim\"><\/span><img loading=\"lazy\" decoding=\"async\" width=\"1024\" height=\"1024\" class=\"wp-block-cover__image-background wp-image-61\" alt=\"\" src=\"https:\/\/www.laplandsahko.fi\/wp-content\/uploads\/2025\/03\/o-nas.jpg\" data-object-fit=\"cover\" srcset=\"https:\/\/www.laplandsahko.fi\/wp-content\/uploads\/2025\/03\/o-nas.jpg 1024w, https:\/\/www.laplandsahko.fi\/wp-content\/uploads\/2025\/03\/o-nas-300x300.jpg 300w, https:\/\/www.laplandsahko.fi\/wp-content\/uploads\/2025\/03\/o-nas-150x150.jpg 150w, https:\/\/www.laplandsahko.fi\/wp-content\/uploads\/2025\/03\/o-nas-768x768.jpg 768w\" sizes=\"auto, (max-width: 1024px) 100vw, 1024px\" \/><div class=\"wp-block-cover__inner-container is-layout-flow wp-block-cover-is-layout-flow\">\n<p><\/p>\n\n\n\n<p><\/p>\n\n\n\n<p><\/p>\n\n\n\n<p><\/p>\n\n\n\n<p><\/p>\n\n\n\n<p><\/p>\n\n\n\n<p><\/p>\n\n\n\n<p class=\"has-text-align-center has-large-font-size\">Tervetuloa s\u00e4hk\u00f6alan ammattilaisten pariin!<\/p>\n<\/div><\/div>\n\n\n\n<div style=\"height:60px\" aria-hidden=\"true\" class=\"wp-block-spacer\"><\/div>\n\n\n\n<div class=\"wp-block-columns is-layout-flex wp-container-core-columns-is-layout-28f84493 wp-block-columns-is-layout-flex\">\n<div class=\"wp-block-column is-layout-flow wp-block-column-is-layout-flow\" style=\"padding-right:var(--wp--preset--spacing--30);padding-left:var(--wp--preset--spacing--30);flex-basis:67%\">\n<h3 class=\"wp-block-heading has-neve-text-color-color has-text-color\">Yrityksemme tarjoaa monipuolisia s\u00e4hk\u00f6t\u00f6it\u00e4 koko Lapin alueella, p\u00e4\u00e4konttorimme sijaitessa Rovaniemen syd\u00e4mess\u00e4. Olipa kyseess\u00e4 pienet korjaukset, laajat remontit tai vaativat asennusprojektit, olemme t\u00e4\u00e4ll\u00e4 auttamassa.<br>Olemme kokenut ja motivoitunut tiimi, joka suhtautuu ty\u00f6h\u00f6ns\u00e4 intohimolla. Ratkaisemme jopa haastavimmat s\u00e4hk\u00f6ongelmat, pit\u00e4en aina asiakkaidemme tyytyv\u00e4isyyden ja turvallisuuden etusijalla.<br>Palvelemme suomeksi, englanniksi ja saksaksi. Luota meihin \u2013 s\u00e4hk\u00f6ty\u00f6si ovat hyviss\u00e4 k\u00e4siss\u00e4.<\/h3>\n\n\n\n<div class=\"wp-block-buttons has-custom-font-size has-small-font-size is-content-justification-left is-layout-flex wp-container-core-buttons-is-layout-fc4fd283 wp-block-buttons-is-layout-flex\"><\/div>\n\n\n\n<div style=\"height:24px\" aria-hidden=\"true\" class=\"wp-block-spacer\"><\/div>\n\n\n\n<div style=\"height:24px\" aria-hidden=\"true\" class=\"wp-block-spacer\"><\/div>\n\n\n\n<div style=\"height:24px\" aria-hidden=\"true\" class=\"wp-block-spacer\"><\/div>\n<\/div>\n\n\n\n<div class=\"wp-block-column is-layout-flow wp-block-column-is-layout-flow\" style=\"padding-right:var(--wp--preset--spacing--30);padding-left:var(--wp--preset--spacing--30);flex-basis:34%\">\n<blockquote class=\"wp-block-quote is-layout-flow wp-block-quote-is-layout-flow\">\n<p class=\"has-neve-text-color-color has-text-color\"><mark style=\"background-color:rgba(0, 0, 0, 0)\" class=\"has-inline-color has-nv-c-1-color\">&#8222;Eritt\u00e4in hyv\u00e4 puolalainen s\u00e4hk\u00f6mies oli joka k\u00e4vi tuomassa ja asentamassa uuden keraamisen lieden. Hyvin palveli ja oli eritt\u00e4in yst\u00e4v\u00e4llinen. Todella hyv\u00e4\u00e4 ty\u00f6t\u00e4 teki, ei ole koskaan ennen ollut noin hyv\u00e4\u00e4 s\u00e4hk\u00f6asentajaa joka olisi noin hyvin tehnyt ty\u00f6ns\u00e4. Kymmenen pistett\u00e4 ja suurkiitos s\u00e4hk\u00f6miehelle.&#8221;<\/mark><\/p>\n<\/blockquote>\n\n\n\n<p class=\"has-neve-text-color-color has-text-color\"><img loading=\"lazy\" decoding=\"async\" width=\"250\" height=\"138\" class=\"wp-image-79\" style=\"width: 250px;\" src=\"https:\/\/www.laplandsahko.fi\/wp-content\/uploads\/2025\/03\/google.png\" alt=\"\" srcset=\"https:\/\/www.laplandsahko.fi\/wp-content\/uploads\/2025\/03\/google.png 302w, https:\/\/www.laplandsahko.fi\/wp-content\/uploads\/2025\/03\/google-300x166.png 300w\" sizes=\"auto, (max-width: 250px) 100vw, 250px\" \/><\/p>\n\n\n\n<p><\/p>\n\n\n\n<p><\/p>\n<\/div>\n<\/div>\n<\/div>\n<\/div><\/div>\n\n\n\n<div class=\"wp-block-cover alignwide is-light\" style=\"min-height:593px;aspect-ratio:unset;\"><span aria-hidden=\"true\" class=\"wp-block-cover__background has-background-dim\" style=\"background-color:#b1a9a8\"><\/span><img loading=\"lazy\" decoding=\"async\" width=\"1280\" height=\"852\" class=\"wp-block-cover__image-background wp-image-51\" alt=\"\" src=\"https:\/\/www.laplandsahko.fi\/wp-content\/uploads\/2025\/03\/electrician-1080554_1280.jpg\" data-object-fit=\"cover\" srcset=\"https:\/\/www.laplandsahko.fi\/wp-content\/uploads\/2025\/03\/electrician-1080554_1280.jpg 1280w, https:\/\/www.laplandsahko.fi\/wp-content\/uploads\/2025\/03\/electrician-1080554_1280-300x200.jpg 300w, https:\/\/www.laplandsahko.fi\/wp-content\/uploads\/2025\/03\/electrician-1080554_1280-1024x682.jpg 1024w, https:\/\/www.laplandsahko.fi\/wp-content\/uploads\/2025\/03\/electrician-1080554_1280-768x511.jpg 768w, https:\/\/www.laplandsahko.fi\/wp-content\/uploads\/2025\/03\/electrician-1080554_1280-930x620.jpg 930w\" sizes=\"auto, (max-width: 1280px) 100vw, 1280px\" \/><div class=\"wp-block-cover__inner-container is-layout-flow wp-block-cover-is-layout-flow\">\n<p><\/p>\n\n\n\n<p><\/p>\n\n\n\n<p><\/p>\n\n\n\n<p><\/p>\n\n\n\n<p><\/p>\n\n\n\n<p><\/p>\n\n\n\n<p class=\"has-text-align-center has-large-font-size\">Tervetuloa s\u00e4hk\u00f6alan ammattilaisten pariin!<\/p>\n<\/div><\/div>\n\n\n\n<p><\/p>\n\n\n\n<div class=\"wp-block-columns is-layout-flex wp-container-core-columns-is-layout-28f84493 wp-block-columns-is-layout-flex\">\n<div class=\"wp-block-column is-layout-flow wp-block-column-is-layout-flow\" style=\"padding-right:var(--wp--preset--spacing--30);padding-left:var(--wp--preset--spacing--30);flex-basis:67%\">\n<h3 class=\"wp-block-heading has-neve-text-color-color has-text-color\"><mark style=\"background-color:rgba(0, 0, 0, 0)\" class=\"has-inline-color has-neve-link-hover-color-color\">Tarjoamme monipuolisia s\u00e4hk\u00f6alan palveluita, jotka vastaavat niin kotitalouksien kuin yritystenkin tarpeisiin. Meilt\u00e4 saat asiantuntevaa apua monenlaisiin s\u00e4hk\u00f6asennuksiin ja huoltot\u00f6ihin.<\/mark><\/h3>\n\n\n\n<p>Palveluihimme kuuluvat:<\/p>\n\n\n\n<ul class=\"wp-block-list\">\n<li>S\u00e4hk\u00f6asennusten asennus, korjaus, huolto ja yll\u00e4pito<\/li>\n\n\n\n<li>Aurinkopaneelien asennukset<\/li>\n\n\n\n<li>S\u00e4hk\u00f6asennusten mittaukset ja tarkastukset<\/li>\n\n\n\n<li>S\u00e4hk\u00f6autojen latauslaitteiden myynti, asennus ja huolto<\/li>\n\n\n\n<li>L\u00e4mp\u00f6pumppujen myynti, asennus ja huolto<\/li>\n\n\n\n<li>Palovaroittimien myynti ja asennus<\/li>\n\n\n\n<li>Saunan kiukaiden myynti ja asennus<\/li>\n\n\n\n<li>Muut s\u00e4hk\u00f6tarpeet asiakkaan tarpeiden mukaan<\/li>\n<\/ul>\n\n\n\n<p><\/p>\n\n\n\n<p><strong>Olemme sitoutuneet tarjoamaan turvallisia, korkealaatuisia ja kest\u00e4vi\u00e4 ratkaisuja, jotka takaavat asiakastyytyv\u00e4isyyden. Ota yhteytt\u00e4 \u2013 keskustellaan miten voimme parhaiten auttaa sinua!<\/strong><\/p>\n\n\n\n<div style=\"height:24px\" aria-hidden=\"true\" class=\"wp-block-spacer\"><\/div>\n<\/div>\n\n\n\n<div class=\"wp-block-column is-layout-flow wp-block-column-is-layout-flow\" style=\"padding-right:var(--wp--preset--spacing--30);padding-left:var(--wp--preset--spacing--30);flex-basis:34%\">\n<blockquote class=\"wp-block-quote is-layout-flow wp-block-quote-is-layout-flow\">\n<p class=\"has-neve-text-color-color has-text-color\"><mark style=\"background-color:rgba(0, 0, 0, 0)\" class=\"has-inline-color has-nv-c-1-color\">\u201cKotilatausaseman kytkent\u00e4. Asennus ja mittaukset hoidettu erinomaisesti. My\u00f6s toinen ilmennyt ongelma korjattiin samalla kertaa. Suosittelen!\u201d<\/mark><\/p>\n<\/blockquote>\n\n\n\n<p><mark style=\"background-color:rgba(0, 0, 0, 0)\" class=\"has-inline-color has-nv-dark-bg-color\">Jani<\/mark><\/p>\n\n\n\n<p><img loading=\"lazy\" decoding=\"async\" width=\"180\" height=\"35\" class=\"wp-image-80\" style=\"width: 180px;\" src=\"https:\/\/www.laplandsahko.fi\/wp-content\/uploads\/2025\/03\/rempatori.png\" alt=\"\" srcset=\"https:\/\/www.laplandsahko.fi\/wp-content\/uploads\/2025\/03\/rempatori.png 507w, https:\/\/www.laplandsahko.fi\/wp-content\/uploads\/2025\/03\/rempatori-300x59.png 300w\" sizes=\"auto, (max-width: 180px) 100vw, 180px\" \/><\/p>\n\n\n\n<div style=\"height:24px\" aria-hidden=\"true\" class=\"wp-block-spacer\"><\/div>\n\n\n\n<p class=\"has-neve-text-color-color has-text-color has-small-font-size\"><\/p>\n<\/div>\n<\/div>\n\n\n\n<p><\/p>\n","protected":false},"excerpt":{"rendered":"<p>Tarjoamme monipuolisia s\u00e4hk\u00f6alan palveluita, jotka vastaavat niin kotitalouksien kuin yritystenkin tarpeisiin. Meilt\u00e4 saat asiantuntevaa apua monenlaisiin s\u00e4hk\u00f6asennuksiin ja huoltot\u00f6ihin. Palveluihimme kuuluvat: Olemme sitoutuneet tarjoamaan turvallisia, korkealaatuisia ja kest\u00e4vi\u00e4 ratkaisuja, jotka takaavat asiakastyytyv\u00e4isyyden. Ota yhteytt\u00e4 \u2013 keskustellaan miten voimme parhaiten auttaa sinua! \u201cKotilatausaseman kytkent\u00e4. Asennus ja mittaukset hoidettu erinomaisesti. My\u00f6s toinen ilmennyt ongelma korjattiin samalla kertaa. [&hellip;]<\/p>\n","protected":false},"author":1,"featured_media":0,"parent":0,"menu_order":0,"comment_status":"closed","ping_status":"closed","template":"","meta":{"footnotes":""},"class_list":["post-20","page","type-page","status-publish","hentry"],"_links":{"self":[{"href":"https:\/\/www.laplandsahko.fi\/index.php\/wp-json\/wp\/v2\/pages\/20","targetHints":{"allow":["GET"]}}],"collection":[{"href":"https:\/\/www.laplandsahko.fi\/index.php\/wp-json\/wp\/v2\/pages"}],"about":[{"href":"https:\/\/www.laplandsahko.fi\/index.php\/wp-json\/wp\/v2\/types\/page"}],"author":[{"embeddable":true,"href":"https:\/\/www.laplandsahko.fi\/index.php\/wp-json\/wp\/v2\/users\/1"}],"replies":[{"embeddable":true,"href":"https:\/\/www.laplandsahko.fi\/index.php\/wp-json\/wp\/v2\/comments?post=20"}],"version-history":[{"count":11,"href":"https:\/\/www.laplandsahko.fi\/index.php\/wp-json\/wp\/v2\/pages\/20\/revisions"}],"predecessor-version":[{"id":196,"href":"https:\/\/www.laplandsahko.fi\/index.php\/wp-json\/wp\/v2\/pages\/20\/revisions\/196"}],"wp:attachment":[{"href":"https:\/\/www.laplandsahko.fi\/index.php\/wp-json\/wp\/v2\/media?parent=20"}],"curies":[{"name":"wp","href":"https:\/\/api.w.org\/{rel}","templated":true}]}}