{"id":2,"date":"2025-03-22T19:37:43","date_gmt":"2025-03-22T19:37:43","guid":{"rendered":"http:\/\/www.laplandsahko.fi\/?page_id=2"},"modified":"2026-03-25T14:49:04","modified_gmt":"2026-03-25T12:49:04","slug":"sample-page","status":"publish","type":"page","link":"https:\/\/www.laplandsahko.fi\/index.php\/sample-page\/","title":{"rendered":"Parhaat tarjoukset"},"content":{"rendered":"\n<figure class=\"wp-block-embed is-type-video is-provider-youtube wp-block-embed-youtube wp-embed-aspect-16-9 wp-has-aspect-ratio\"><div class=\"wp-block-embed__wrapper\">\n<iframe loading=\"lazy\" title=\"Walle langaton kuormanhallinta\" width=\"800\" height=\"450\" src=\"https:\/\/www.youtube.com\/embed\/uNIYd99xWd0?feature=oembed\" frameborder=\"0\" allow=\"accelerometer; autoplay; clipboard-write; encrypted-media; gyroscope; picture-in-picture; web-share\" referrerpolicy=\"strict-origin-when-cross-origin\" allowfullscreen><\/iframe>\n<\/div><\/figure>\n\n\n\n<h2 class=\"wp-block-heading has-text-align-center\"><strong>Ota yhteytt\u00e4 ja <a href=\"https:\/\/www.laplandsahko.fi\/index.php\/yhteystietomme\/\" data-type=\"link\" data-id=\"https:\/\/www.laplandsahko.fi\/index.php\/yhteystietomme\/\">varaa<\/a> latauslaitteen asennus jo t\u00e4n\u00e4\u00e4n!<\/strong><\/h2>\n\n\n\n<div class=\"wp-block-columns is-layout-flex wp-container-core-columns-is-layout-28f84493 wp-block-columns-is-layout-flex\">\n<div class=\"wp-block-column is-vertically-aligned-top is-layout-flow wp-block-column-is-layout-flow\">\n<figure class=\"wp-block-image size-full\"><a href=\"https:\/\/www.laplandsahko.fi\/wp-content\/uploads\/2026\/03\/walle-16s-ulotka.png\"><img loading=\"lazy\" decoding=\"async\" width=\"940\" height=\"788\" src=\"https:\/\/www.laplandsahko.fi\/wp-content\/uploads\/2026\/03\/walle-16s-preis.jpg\" alt=\"\" class=\"wp-image-320\" srcset=\"https:\/\/www.laplandsahko.fi\/wp-content\/uploads\/2026\/03\/walle-16s-preis.jpg 940w, https:\/\/www.laplandsahko.fi\/wp-content\/uploads\/2026\/03\/walle-16s-preis-300x251.jpg 300w, https:\/\/www.laplandsahko.fi\/wp-content\/uploads\/2026\/03\/walle-16s-preis-768x644.jpg 768w\" sizes=\"auto, (max-width: 940px) 100vw, 940px\" \/><\/a><\/figure>\n<\/div>\n\n\n\n<div class=\"wp-block-column is-layout-flow wp-block-column-is-layout-flow\">\n<figure class=\"wp-block-video aligncenter\"><video height=\"1350\" style=\"aspect-ratio: 1080 \/ 1350;\" width=\"1080\" controls src=\"https:\/\/www.laplandsahko.fi\/wp-content\/uploads\/2026\/03\/WALLE-16S-Post-na-Instagram-45.mp4\"><\/video><\/figure>\n<\/div>\n<\/div>\n\n\n\n<div class=\"wp-block-columns is-layout-flex wp-container-core-columns-is-layout-28f84493 wp-block-columns-is-layout-flex\">\n<div class=\"wp-block-column is-layout-flow wp-block-column-is-layout-flow\">\n<figure class=\"wp-block-video\"><video height=\"640\" style=\"aspect-ratio: 640 \/ 640;\" width=\"640\" controls src=\"https:\/\/www.laplandsahko.fi\/wp-content\/uploads\/2026\/03\/LaplandSahkoVideoS.mp4\"><\/video><\/figure>\n<\/div>\n\n\n\n<div class=\"wp-block-column is-layout-flow wp-block-column-is-layout-flow\">\n<p><strong>Vakioasennus sis\u00e4lt\u00e4\u00e4:<\/strong><\/p>\n\n\n\n<p>\u2714 3-vaiheisen latausaseman asennus (enint\u00e4\u00e4n 11 kW)<\/p>\n\n\n\n<p>\u2714 Sy\u00f6tt\u00f6kaapeloinnin (max. 10 m s\u00e4hk\u00f6keskukselta), pinta-asennuksena kaapelikiinnikkeill\u00e4<\/p>\n\n\n\n<p>\u2714 Kytkenn\u00e4n s\u00e4hk\u00f6keskukseen<br>(edellytt\u00e4\u00e4 riitt\u00e4v\u00e4\u00e4 tilaa sek\u00e4 tarvittavat suojaukset ja vikavirtasuojan)<\/p>\n\n\n\n<p>\u2714 Enint\u00e4\u00e4n 2 perusl\u00e4pivienti\u00e4<br>(puu \/ kipsilevy \/ tiili)<\/p>\n\n\n\n<p>\u2714 Asennuksen 25 km s\u00e4teell\u00e4<\/p>\n<\/div>\n<\/div>\n\n\n\n<div class=\"wp-block-columns is-layout-flex wp-container-core-columns-is-layout-28f84493 wp-block-columns-is-layout-flex\">\n<div class=\"wp-block-column is-layout-flow wp-block-column-is-layout-flow\">\n<figure class=\"wp-block-image size-full\"><a href=\"https:\/\/www.laplandsahko.fi\/wp-content\/uploads\/2026\/03\/walle-64m-ulotka.png\"><img loading=\"lazy\" decoding=\"async\" width=\"940\" height=\"788\" src=\"https:\/\/www.laplandsahko.fi\/wp-content\/uploads\/2026\/03\/walle-64m-preis.jpg\" alt=\"\" class=\"wp-image-323\" srcset=\"https:\/\/www.laplandsahko.fi\/wp-content\/uploads\/2026\/03\/walle-64m-preis.jpg 940w, https:\/\/www.laplandsahko.fi\/wp-content\/uploads\/2026\/03\/walle-64m-preis-300x251.jpg 300w, https:\/\/www.laplandsahko.fi\/wp-content\/uploads\/2026\/03\/walle-64m-preis-768x644.jpg 768w\" sizes=\"auto, (max-width: 940px) 100vw, 940px\" \/><\/a><\/figure>\n<\/div>\n\n\n\n<div class=\"wp-block-column is-layout-flow wp-block-column-is-layout-flow\">\n<figure class=\"wp-block-video\"><video height=\"714\" style=\"aspect-ratio: 572 \/ 714;\" width=\"572\" controls src=\"https:\/\/www.laplandsahko.fi\/wp-content\/uploads\/2026\/03\/Kopia-\u2013-WALLE-16S-Post-na-Instagram.mp4\"><\/video><\/figure>\n<\/div>\n<\/div>\n\n\n\n<div class=\"wp-block-columns is-layout-flex wp-container-core-columns-is-layout-28f84493 wp-block-columns-is-layout-flex\">\n<div class=\"wp-block-column is-layout-flow wp-block-column-is-layout-flow\">\n<figure class=\"wp-block-image size-large\"><a href=\"https:\/\/www.laplandsahko.fi\/wp-content\/uploads\/2026\/03\/walle-16s-ulotka.png\"><img loading=\"lazy\" decoding=\"async\" width=\"724\" height=\"1024\" src=\"https:\/\/www.laplandsahko.fi\/wp-content\/uploads\/2026\/03\/walle-16s-ulotka-724x1024.png\" alt=\"\" class=\"wp-image-332\" srcset=\"https:\/\/www.laplandsahko.fi\/wp-content\/uploads\/2026\/03\/walle-16s-ulotka-724x1024.png 724w, https:\/\/www.laplandsahko.fi\/wp-content\/uploads\/2026\/03\/walle-16s-ulotka-212x300.png 212w, https:\/\/www.laplandsahko.fi\/wp-content\/uploads\/2026\/03\/walle-16s-ulotka-768x1086.png 768w, https:\/\/www.laplandsahko.fi\/wp-content\/uploads\/2026\/03\/walle-16s-ulotka-1086x1536.png 1086w, https:\/\/www.laplandsahko.fi\/wp-content\/uploads\/2026\/03\/walle-16s-ulotka.png 1414w\" sizes=\"auto, (max-width: 724px) 100vw, 724px\" \/><\/a><\/figure>\n<\/div>\n\n\n\n<div class=\"wp-block-column is-layout-flow wp-block-column-is-layout-flow\">\n<figure class=\"wp-block-image size-large\"><a href=\"https:\/\/www.laplandsahko.fi\/wp-content\/uploads\/2026\/03\/walle-64m-ulotka.png\"><img loading=\"lazy\" decoding=\"async\" width=\"724\" height=\"1024\" src=\"https:\/\/www.laplandsahko.fi\/wp-content\/uploads\/2026\/03\/walle-64m-ulotka-724x1024.png\" alt=\"\" class=\"wp-image-334\" srcset=\"https:\/\/www.laplandsahko.fi\/wp-content\/uploads\/2026\/03\/walle-64m-ulotka-724x1024.png 724w, https:\/\/www.laplandsahko.fi\/wp-content\/uploads\/2026\/03\/walle-64m-ulotka-212x300.png 212w, https:\/\/www.laplandsahko.fi\/wp-content\/uploads\/2026\/03\/walle-64m-ulotka-768x1086.png 768w, https:\/\/www.laplandsahko.fi\/wp-content\/uploads\/2026\/03\/walle-64m-ulotka-1086x1536.png 1086w, https:\/\/www.laplandsahko.fi\/wp-content\/uploads\/2026\/03\/walle-64m-ulotka.png 1414w\" sizes=\"auto, (max-width: 724px) 100vw, 724px\" \/><\/a><\/figure>\n<\/div>\n<\/div>\n\n\n\n<p><\/p>\n","protected":false},"excerpt":{"rendered":"<p>Ota yhteytt\u00e4 ja varaa latauslaitteen asennus jo t\u00e4n\u00e4\u00e4n! Vakioasennus sis\u00e4lt\u00e4\u00e4: \u2714 3-vaiheisen latausaseman asennus (enint\u00e4\u00e4n 11 kW) \u2714 Sy\u00f6tt\u00f6kaapeloinnin (max. 10 m s\u00e4hk\u00f6keskukselta), pinta-asennuksena kaapelikiinnikkeill\u00e4 \u2714 Kytkenn\u00e4n s\u00e4hk\u00f6keskukseen(edellytt\u00e4\u00e4 riitt\u00e4v\u00e4\u00e4 tilaa sek\u00e4 tarvittavat suojaukset ja vikavirtasuojan) \u2714 Enint\u00e4\u00e4n 2 perusl\u00e4pivienti\u00e4(puu \/ kipsilevy \/ tiili) \u2714 Asennuksen 25 km s\u00e4teell\u00e4<\/p>\n","protected":false},"author":1,"featured_media":0,"parent":0,"menu_order":0,"comment_status":"closed","ping_status":"open","template":"","meta":{"footnotes":""},"class_list":["post-2","page","type-page","status-publish","hentry"],"_links":{"self":[{"href":"https:\/\/www.laplandsahko.fi\/index.php\/wp-json\/wp\/v2\/pages\/2","targetHints":{"allow":["GET"]}}],"collection":[{"href":"https:\/\/www.laplandsahko.fi\/index.php\/wp-json\/wp\/v2\/pages"}],"about":[{"href":"https:\/\/www.laplandsahko.fi\/index.php\/wp-json\/wp\/v2\/types\/page"}],"author":[{"embeddable":true,"href":"https:\/\/www.laplandsahko.fi\/index.php\/wp-json\/wp\/v2\/users\/1"}],"replies":[{"embeddable":true,"href":"https:\/\/www.laplandsahko.fi\/index.php\/wp-json\/wp\/v2\/comments?post=2"}],"version-history":[{"count":15,"href":"https:\/\/www.laplandsahko.fi\/index.php\/wp-json\/wp\/v2\/pages\/2\/revisions"}],"predecessor-version":[{"id":339,"href":"https:\/\/www.laplandsahko.fi\/index.php\/wp-json\/wp\/v2\/pages\/2\/revisions\/339"}],"wp:attachment":[{"href":"https:\/\/www.laplandsahko.fi\/index.php\/wp-json\/wp\/v2\/media?parent=2"}],"curies":[{"name":"wp","href":"https:\/\/api.w.org\/{rel}","templated":true}]}}