{"id":170,"date":"2025-03-24T10:30:56","date_gmt":"2025-03-24T08:30:56","guid":{"rendered":"https:\/\/www.laplandsahko.fi\/?page_id=170"},"modified":"2025-03-24T22:13:47","modified_gmt":"2025-03-24T20:13:47","slug":"palvelut-2","status":"publish","type":"page","link":"https:\/\/www.laplandsahko.fi\/index.php\/palvelut-2\/","title":{"rendered":"Palvelut"},"content":{"rendered":"\n<div class=\"wp-block-cover alignfull\" style=\"min-height:600px;aspect-ratio:unset;\"><span aria-hidden=\"true\" class=\"wp-block-cover__background has-nv-light-bg-background-color has-background-dim-100 has-background-dim\"><\/span><div class=\"wp-block-cover__inner-container is-layout-flow wp-block-cover-is-layout-flow\">\n<div class=\"wp-block-group is-layout-flow wp-block-group-is-layout-flow\">\n<div class=\"wp-block-columns are-vertically-aligned-center is-layout-flex wp-container-core-columns-is-layout-28f84493 wp-block-columns-is-layout-flex\">\n<div class=\"wp-block-column is-layout-flow wp-block-column-is-layout-flow\"><\/div>\n\n\n\n<div class=\"wp-block-column is-vertically-aligned-center is-layout-flow wp-block-column-is-layout-flow\" style=\"padding-right:var(--wp--preset--spacing--30);padding-left:var(--wp--preset--spacing--30);flex-basis:50%\">\n<p><\/p>\n\n\n\n<figure class=\"wp-block-image size-full has-custom-border\"><img loading=\"lazy\" decoding=\"async\" width=\"2560\" height=\"1704\" src=\"https:\/\/www.laplandsahko.fi\/wp-content\/uploads\/2025\/03\/pexels-pixabay-257736-scaled.jpg\" alt=\"\" class=\"wp-image-60\" style=\"border-radius:24px\" srcset=\"https:\/\/www.laplandsahko.fi\/wp-content\/uploads\/2025\/03\/pexels-pixabay-257736-scaled.jpg 2560w, https:\/\/www.laplandsahko.fi\/wp-content\/uploads\/2025\/03\/pexels-pixabay-257736-300x200.jpg 300w, https:\/\/www.laplandsahko.fi\/wp-content\/uploads\/2025\/03\/pexels-pixabay-257736-1024x682.jpg 1024w, https:\/\/www.laplandsahko.fi\/wp-content\/uploads\/2025\/03\/pexels-pixabay-257736-768x511.jpg 768w, https:\/\/www.laplandsahko.fi\/wp-content\/uploads\/2025\/03\/pexels-pixabay-257736-1536x1022.jpg 1536w, https:\/\/www.laplandsahko.fi\/wp-content\/uploads\/2025\/03\/pexels-pixabay-257736-2048x1363.jpg 2048w, https:\/\/www.laplandsahko.fi\/wp-content\/uploads\/2025\/03\/pexels-pixabay-257736-930x620.jpg 930w\" sizes=\"auto, (max-width: 2560px) 100vw, 2560px\" \/><\/figure>\n\n\n\n<div style=\"height:24px\" aria-hidden=\"true\" class=\"wp-block-spacer\"><\/div>\n\n\n\n<p><\/p>\n\n\n\n<h3 class=\"wp-block-heading has-text-align-left has-neve-text-color-color has-text-color\">S\u00e4hk\u00f6asennusten asennus, korjaus, huolto ja yll\u00e4pito<\/h3>\n<\/div>\n\n\n\n<div class=\"wp-block-column is-vertically-aligned-center is-layout-flow wp-block-column-is-layout-flow\" style=\"padding-right:var(--wp--preset--spacing--30);padding-left:var(--wp--preset--spacing--30);flex-basis:50%\">\n<figure class=\"wp-block-image size-full has-custom-border\"><img loading=\"lazy\" decoding=\"async\" width=\"700\" height=\"700\" src=\"https:\/\/www.laplandsahko.fi\/wp-content\/uploads\/2025\/03\/pompa.jpg\" alt=\"\" class=\"wp-image-123\" style=\"border-radius:24px\" srcset=\"https:\/\/www.laplandsahko.fi\/wp-content\/uploads\/2025\/03\/pompa.jpg 700w, https:\/\/www.laplandsahko.fi\/wp-content\/uploads\/2025\/03\/pompa-300x300.jpg 300w, https:\/\/www.laplandsahko.fi\/wp-content\/uploads\/2025\/03\/pompa-150x150.jpg 150w\" sizes=\"auto, (max-width: 700px) 100vw, 700px\" \/><\/figure>\n\n\n\n<div style=\"height:24px\" aria-hidden=\"true\" class=\"wp-block-spacer\"><\/div>\n\n\n\n<h3 class=\"wp-block-heading has-text-align-left has-neve-text-color-color has-text-color\">L\u00e4mp\u00f6pumppujen myynti, asennus ja huolto<\/h3>\n<\/div>\n\n\n\n<div class=\"wp-block-column is-vertically-aligned-center is-layout-flow wp-block-column-is-layout-flow\" style=\"padding-right:var(--wp--preset--spacing--30);padding-left:var(--wp--preset--spacing--30);flex-basis:50%\">\n<figure class=\"wp-block-image size-full has-custom-border\"><img loading=\"lazy\" decoding=\"async\" width=\"1000\" height=\"1000\" src=\"https:\/\/www.laplandsahko.fi\/wp-content\/uploads\/2025\/03\/defa.webp\" alt=\"\" class=\"wp-image-72\" style=\"border-radius:24px\" srcset=\"https:\/\/www.laplandsahko.fi\/wp-content\/uploads\/2025\/03\/defa.webp 1000w, https:\/\/www.laplandsahko.fi\/wp-content\/uploads\/2025\/03\/defa-300x300.webp 300w, https:\/\/www.laplandsahko.fi\/wp-content\/uploads\/2025\/03\/defa-150x150.webp 150w, https:\/\/www.laplandsahko.fi\/wp-content\/uploads\/2025\/03\/defa-768x768.webp 768w\" sizes=\"auto, (max-width: 1000px) 100vw, 1000px\" \/><\/figure>\n\n\n\n<div style=\"height:24px\" aria-hidden=\"true\" class=\"wp-block-spacer\"><\/div>\n\n\n\n<h3 class=\"wp-block-heading has-text-align-left has-neve-text-color-color has-text-color\">S\u00e4hk\u00f6autojen latauslaitteiden myynti, asennus ja huolto<\/h3>\n<\/div>\n<\/div>\n\n\n\n<div style=\"height:40px\" aria-hidden=\"true\" class=\"wp-block-spacer\"><\/div>\n<\/div>\n<\/div><\/div>\n\n\n\n<div class=\"wp-block-cover alignfull\" style=\"min-height:259px;aspect-ratio:unset;\"><span aria-hidden=\"true\" class=\"wp-block-cover__background has-nv-site-bg-background-color has-background-dim-100 has-background-dim\"><\/span><div class=\"wp-block-cover__inner-container is-layout-flow wp-block-cover-is-layout-flow\">\n<div class=\"wp-block-columns are-vertically-aligned-center is-layout-flex wp-container-core-columns-is-layout-28f84493 wp-block-columns-is-layout-flex\">\n<div class=\"wp-block-column is-vertically-aligned-center is-layout-flow wp-block-column-is-layout-flow\" style=\"padding-right:var(--wp--preset--spacing--30);padding-left:var(--wp--preset--spacing--30);flex-basis:50%\">\n<figure class=\"wp-block-image size-full has-custom-border\"><img loading=\"lazy\" decoding=\"async\" width=\"1000\" height=\"1000\" src=\"https:\/\/www.laplandsahko.fi\/wp-content\/uploads\/2025\/03\/piec-do-sauny.jpg\" alt=\"\" class=\"wp-image-73\" style=\"border-radius:24px\" srcset=\"https:\/\/www.laplandsahko.fi\/wp-content\/uploads\/2025\/03\/piec-do-sauny.jpg 1000w, https:\/\/www.laplandsahko.fi\/wp-content\/uploads\/2025\/03\/piec-do-sauny-300x300.jpg 300w, https:\/\/www.laplandsahko.fi\/wp-content\/uploads\/2025\/03\/piec-do-sauny-150x150.jpg 150w, https:\/\/www.laplandsahko.fi\/wp-content\/uploads\/2025\/03\/piec-do-sauny-768x768.jpg 768w\" sizes=\"auto, (max-width: 1000px) 100vw, 1000px\" \/><\/figure>\n\n\n\n<div style=\"height:24px\" aria-hidden=\"true\" class=\"wp-block-spacer\"><\/div>\n\n\n\n<p><\/p>\n\n\n\n<h3 class=\"wp-block-heading has-text-align-left has-neve-text-color-color has-text-color\">Saunan kiukaiden myynti ja asennus<\/h3>\n<\/div>\n\n\n\n<div class=\"wp-block-column is-vertically-aligned-center is-layout-flow wp-block-column-is-layout-flow\" style=\"padding-right:var(--wp--preset--spacing--30);padding-left:var(--wp--preset--spacing--30);flex-basis:50%\">\n<figure class=\"wp-block-image size-full has-custom-border\"><img loading=\"lazy\" decoding=\"async\" width=\"1044\" height=\"1280\" src=\"https:\/\/www.laplandsahko.fi\/wp-content\/uploads\/2025\/03\/ai-generated-8942784_1280.jpg\" alt=\"\" class=\"wp-image-53\" style=\"border-radius:24px\" srcset=\"https:\/\/www.laplandsahko.fi\/wp-content\/uploads\/2025\/03\/ai-generated-8942784_1280.jpg 1044w, https:\/\/www.laplandsahko.fi\/wp-content\/uploads\/2025\/03\/ai-generated-8942784_1280-245x300.jpg 245w, https:\/\/www.laplandsahko.fi\/wp-content\/uploads\/2025\/03\/ai-generated-8942784_1280-835x1024.jpg 835w, https:\/\/www.laplandsahko.fi\/wp-content\/uploads\/2025\/03\/ai-generated-8942784_1280-768x942.jpg 768w\" sizes=\"auto, (max-width: 1044px) 100vw, 1044px\" \/><\/figure>\n\n\n\n<h3 class=\"wp-block-heading has-text-align-left has-neve-text-color-color has-text-color\">Aurinkopaneelien asennukset<\/h3>\n<\/div>\n\n\n\n<div class=\"wp-block-column is-vertically-aligned-center is-layout-flow wp-block-column-is-layout-flow\" style=\"padding-right:var(--wp--preset--spacing--30);padding-left:var(--wp--preset--spacing--30);flex-basis:50%\">\n<figure class=\"wp-block-image size-full is-resized has-custom-border\"><img loading=\"lazy\" decoding=\"async\" width=\"1333\" height=\"2000\" src=\"https:\/\/www.laplandsahko.fi\/wp-content\/uploads\/2025\/03\/man-electrical-technician-working-switchboard-with-fuses.jpg\" alt=\"\" class=\"wp-image-59\" style=\"border-radius:24px;width:315px;height:auto\" srcset=\"https:\/\/www.laplandsahko.fi\/wp-content\/uploads\/2025\/03\/man-electrical-technician-working-switchboard-with-fuses.jpg 1333w, https:\/\/www.laplandsahko.fi\/wp-content\/uploads\/2025\/03\/man-electrical-technician-working-switchboard-with-fuses-200x300.jpg 200w, https:\/\/www.laplandsahko.fi\/wp-content\/uploads\/2025\/03\/man-electrical-technician-working-switchboard-with-fuses-682x1024.jpg 682w, https:\/\/www.laplandsahko.fi\/wp-content\/uploads\/2025\/03\/man-electrical-technician-working-switchboard-with-fuses-768x1152.jpg 768w, https:\/\/www.laplandsahko.fi\/wp-content\/uploads\/2025\/03\/man-electrical-technician-working-switchboard-with-fuses-1024x1536.jpg 1024w\" sizes=\"auto, (max-width: 1333px) 100vw, 1333px\" \/><\/figure>\n\n\n\n<h3 class=\"wp-block-heading has-text-align-left has-neve-text-color-color has-text-color\">S\u00e4hk\u00f6asennusten mittaukset ja tarkastukset<\/h3>\n<\/div>\n<\/div>\n\n\n\n<div class=\"wp-block-cover alignfull\" style=\"min-height:600px;aspect-ratio:unset;\"><span aria-hidden=\"true\" class=\"wp-block-cover__background has-nv-light-bg-background-color has-background-dim-100 has-background-dim\"><\/span><div class=\"wp-block-cover__inner-container is-layout-flow wp-block-cover-is-layout-flow\">\n<div class=\"wp-block-group is-layout-flow wp-block-group-is-layout-flow\">\n<div class=\"wp-block-columns is-layout-flex wp-container-core-columns-is-layout-28f84493 wp-block-columns-is-layout-flex\">\n<div class=\"wp-block-column is-vertically-aligned-center is-layout-flow wp-block-column-is-layout-flow\" style=\"padding-right:var(--wp--preset--spacing--30);padding-left:var(--wp--preset--spacing--30);flex-basis:50%\">\n<figure class=\"wp-block-image size-full has-custom-border\"><img loading=\"lazy\" decoding=\"async\" width=\"1200\" height=\"1200\" src=\"https:\/\/www.laplandsahko.fi\/wp-content\/uploads\/2025\/03\/czujnik-dymu.jpg\" alt=\"\" class=\"wp-image-125\" style=\"border-radius:24px\" srcset=\"https:\/\/www.laplandsahko.fi\/wp-content\/uploads\/2025\/03\/czujnik-dymu.jpg 1200w, https:\/\/www.laplandsahko.fi\/wp-content\/uploads\/2025\/03\/czujnik-dymu-300x300.jpg 300w, https:\/\/www.laplandsahko.fi\/wp-content\/uploads\/2025\/03\/czujnik-dymu-1024x1024.jpg 1024w, https:\/\/www.laplandsahko.fi\/wp-content\/uploads\/2025\/03\/czujnik-dymu-150x150.jpg 150w, https:\/\/www.laplandsahko.fi\/wp-content\/uploads\/2025\/03\/czujnik-dymu-768x768.jpg 768w\" sizes=\"auto, (max-width: 1200px) 100vw, 1200px\" \/><\/figure>\n\n\n\n<div style=\"height:24px\" aria-hidden=\"true\" class=\"wp-block-spacer\"><\/div>\n\n\n\n<h3 class=\"wp-block-heading has-text-align-left has-neve-text-color-color has-text-color\">Palovaroittimien myynti ja asennus<\/h3>\n<\/div>\n\n\n\n<div class=\"wp-block-column is-layout-flow wp-block-column-is-layout-flow\"><\/div>\n\n\n\n<div class=\"wp-block-column is-layout-flow wp-block-column-is-layout-flow\" style=\"padding-right:var(--wp--preset--spacing--30);padding-left:var(--wp--preset--spacing--30);flex-basis:50%\">\n<div style=\"height:24px\" aria-hidden=\"true\" class=\"wp-block-spacer\"><\/div>\n\n\n\n<figure class=\"wp-block-image size-full has-custom-border\"><img loading=\"lazy\" decoding=\"async\" width=\"1280\" height=\"853\" src=\"https:\/\/www.laplandsahko.fi\/wp-content\/uploads\/2025\/03\/lampa.jpg\" alt=\"\" class=\"wp-image-128\" style=\"border-radius:24px\" srcset=\"https:\/\/www.laplandsahko.fi\/wp-content\/uploads\/2025\/03\/lampa.jpg 1280w, https:\/\/www.laplandsahko.fi\/wp-content\/uploads\/2025\/03\/lampa-300x200.jpg 300w, https:\/\/www.laplandsahko.fi\/wp-content\/uploads\/2025\/03\/lampa-1024x682.jpg 1024w, https:\/\/www.laplandsahko.fi\/wp-content\/uploads\/2025\/03\/lampa-768x512.jpg 768w, https:\/\/www.laplandsahko.fi\/wp-content\/uploads\/2025\/03\/lampa-930x620.jpg 930w\" sizes=\"auto, (max-width: 1280px) 100vw, 1280px\" \/><\/figure>\n\n\n\n<p><\/p>\n\n\n\n<p><\/p>\n\n\n\n<h3 class=\"wp-block-heading has-text-align-left has-neve-text-color-color has-text-color\">Pienet ty\u00f6t, esim. lampun asennus, lis\u00e4pistorasiat keitti\u00f6\u00f6n<\/h3>\n<\/div>\n\n\n\n<div class=\"wp-block-column is-vertically-aligned-center is-layout-flow wp-block-column-is-layout-flow\" style=\"padding-right:var(--wp--preset--spacing--30);padding-left:var(--wp--preset--spacing--30);flex-basis:50%\">\n<figure class=\"wp-block-image size-full has-custom-border\"><img loading=\"lazy\" decoding=\"async\" width=\"1024\" height=\"1024\" src=\"https:\/\/www.laplandsahko.fi\/wp-content\/uploads\/2025\/03\/pies.webp\" alt=\"\" class=\"wp-image-124\" style=\"border-radius:24px\" srcset=\"https:\/\/www.laplandsahko.fi\/wp-content\/uploads\/2025\/03\/pies.webp 1024w, https:\/\/www.laplandsahko.fi\/wp-content\/uploads\/2025\/03\/pies-300x300.webp 300w, https:\/\/www.laplandsahko.fi\/wp-content\/uploads\/2025\/03\/pies-150x150.webp 150w, https:\/\/www.laplandsahko.fi\/wp-content\/uploads\/2025\/03\/pies-768x768.webp 768w\" sizes=\"auto, (max-width: 1024px) 100vw, 1024px\" \/><\/figure>\n\n\n\n<div style=\"height:24px\" aria-hidden=\"true\" class=\"wp-block-spacer\"><\/div>\n\n\n\n<h3 class=\"wp-block-heading has-text-align-left has-neve-text-color-color has-text-color\">Muut s\u00e4hk\u00f6tarpeet asiakkaan tarpeiden mukaan<\/h3>\n<\/div>\n<\/div>\n\n\n\n<div style=\"height:40px\" aria-hidden=\"true\" class=\"wp-block-spacer\"><\/div>\n<\/div>\n<\/div><\/div>\n<\/div><\/div>\n","protected":false},"excerpt":{"rendered":"","protected":false},"author":1,"featured_media":0,"parent":0,"menu_order":0,"comment_status":"closed","ping_status":"closed","template":"","meta":{"footnotes":""},"class_list":["post-170","page","type-page","status-publish","hentry"],"_links":{"self":[{"href":"https:\/\/www.laplandsahko.fi\/index.php\/wp-json\/wp\/v2\/pages\/170","targetHints":{"allow":["GET"]}}],"collection":[{"href":"https:\/\/www.laplandsahko.fi\/index.php\/wp-json\/wp\/v2\/pages"}],"about":[{"href":"https:\/\/www.laplandsahko.fi\/index.php\/wp-json\/wp\/v2\/types\/page"}],"author":[{"embeddable":true,"href":"https:\/\/www.laplandsahko.fi\/index.php\/wp-json\/wp\/v2\/users\/1"}],"replies":[{"embeddable":true,"href":"https:\/\/www.laplandsahko.fi\/index.php\/wp-json\/wp\/v2\/comments?post=170"}],"version-history":[{"count":3,"href":"https:\/\/www.laplandsahko.fi\/index.php\/wp-json\/wp\/v2\/pages\/170\/revisions"}],"predecessor-version":[{"id":197,"href":"https:\/\/www.laplandsahko.fi\/index.php\/wp-json\/wp\/v2\/pages\/170\/revisions\/197"}],"wp:attachment":[{"href":"https:\/\/www.laplandsahko.fi\/index.php\/wp-json\/wp\/v2\/media?parent=170"}],"curies":[{"name":"wp","href":"https:\/\/api.w.org\/{rel}","templated":true}]}}