{"id":163,"date":"2025-03-24T10:22:27","date_gmt":"2025-03-24T08:22:27","guid":{"rendered":"https:\/\/www.laplandsahko.fi\/?page_id=163"},"modified":"2026-03-22T21:24:03","modified_gmt":"2026-03-22T19:24:03","slug":"yhteystietomme","status":"publish","type":"page","link":"https:\/\/www.laplandsahko.fi\/index.php\/yhteystietomme\/","title":{"rendered":"Yhteystietomme"},"content":{"rendered":"\n<h2 class=\"wp-block-heading\">Ota yhteytt\u00e4                                                          <img loading=\"lazy\" decoding=\"async\" width=\"150\" height=\"150\" class=\"wp-image-153\" style=\"width: 150px;\" src=\"https:\/\/www.laplandsahko.fi\/wp-content\/uploads\/2025\/03\/cropped-Zdjecie-WhatsApp-2025-03-22-o-19.21.50_5fa65be2-1.jpg\" alt=\"\" srcset=\"https:\/\/www.laplandsahko.fi\/wp-content\/uploads\/2025\/03\/cropped-Zdjecie-WhatsApp-2025-03-22-o-19.21.50_5fa65be2-1.jpg 512w, https:\/\/www.laplandsahko.fi\/wp-content\/uploads\/2025\/03\/cropped-Zdjecie-WhatsApp-2025-03-22-o-19.21.50_5fa65be2-1-300x300.jpg 300w, https:\/\/www.laplandsahko.fi\/wp-content\/uploads\/2025\/03\/cropped-Zdjecie-WhatsApp-2025-03-22-o-19.21.50_5fa65be2-1-150x150.jpg 150w, https:\/\/www.laplandsahko.fi\/wp-content\/uploads\/2025\/03\/cropped-Zdjecie-WhatsApp-2025-03-22-o-19.21.50_5fa65be2-1-270x270.jpg 270w, https:\/\/www.laplandsahko.fi\/wp-content\/uploads\/2025\/03\/cropped-Zdjecie-WhatsApp-2025-03-22-o-19.21.50_5fa65be2-1-192x192.jpg 192w, https:\/\/www.laplandsahko.fi\/wp-content\/uploads\/2025\/03\/cropped-Zdjecie-WhatsApp-2025-03-22-o-19.21.50_5fa65be2-1-180x180.jpg 180w, https:\/\/www.laplandsahko.fi\/wp-content\/uploads\/2025\/03\/cropped-Zdjecie-WhatsApp-2025-03-22-o-19.21.50_5fa65be2-1-32x32.jpg 32w\" sizes=\"auto, (max-width: 150px) 100vw, 150px\" \/><\/h2>\n\n\n\n<h4 class=\"wp-block-heading\">T\u00e4yt\u00e4 lomake ja valitse juuri sinua kiinnostava palvelu, niin olemme yhteydess\u00e4 mahdollisimman pian.<\/h4>\n\n\n\n<p><\/p>\n\n\n\n<div class=\"forminator-guttenberg\"><div class=\"forminator-ui forminator-custom-form forminator-custom-form-258 forminator-design--default  forminator_ajax\" data-forminator-render=\"0\" data-form=\"forminator-module-258\" data-uid=\"69edd18e41cd5\"><br\/><\/div><form\n\t\t\t\tid=\"forminator-module-258\"\n\t\t\t\tclass=\"forminator-ui forminator-custom-form forminator-custom-form-258 forminator-design--default  forminator_ajax\"\n\t\t\t\tmethod=\"post\"\n\t\t\t\tdata-forminator-render=\"0\"\n\t\t\t\tdata-form-id=\"258\"\n\t\t\t\t data-color-option=\"default\" data-design=\"default\" data-grid=\"open\" style=\"display: none;\"\n\t\t\t\tdata-uid=\"69edd18e41cd5\"\n\t\t\t><div role=\"alert\" aria-live=\"polite\" class=\"forminator-response-message forminator-error\" aria-hidden=\"true\"><\/div><div class=\"forminator-row\"><div id=\"text-1\" class=\"forminator-field-text forminator-col forminator-col-12 \"><div class=\"forminator-field\"><label for=\"forminator-field-text-1_69edd18e41cd5\" id=\"forminator-field-text-1_69edd18e41cd5-label\" class=\"forminator-label\">Sinun etu- ja sukunimesi <span class=\"forminator-required\">*<\/span><\/label><input type=\"text\" name=\"text-1\" value=\"\" placeholder=\"\" id=\"forminator-field-text-1_69edd18e41cd5\" class=\"forminator-input forminator-name--field\" data-required=\"1\" \/><\/div><\/div><\/div><div class=\"forminator-row\"><div id=\"email-1\" class=\"forminator-field-email forminator-col forminator-col-6 \"><div class=\"forminator-field\"><label for=\"forminator-field-email-1_69edd18e41cd5\" id=\"forminator-field-email-1_69edd18e41cd5-label\" class=\"forminator-label\">S\u00e4hk\u00f6postiosoitteesi <span class=\"forminator-required\">*<\/span><\/label><input type=\"email\" name=\"email-1\" value=\"\" placeholder=\"\" id=\"forminator-field-email-1_69edd18e41cd5\" class=\"forminator-input forminator-email--field\" data-required=\"1\" aria-required=\"true\" autocomplete=\"email\" \/><\/div><\/div><div id=\"phone-1\" class=\"forminator-field-phone forminator-col forminator-col-6 \"><div class=\"forminator-field\"><label for=\"forminator-field-phone-1_69edd18e41cd5\" id=\"forminator-field-phone-1_69edd18e41cd5-label\" class=\"forminator-label\">Puhelinnumerosi<\/label><input type=\"text\" name=\"phone-1\" value=\"\" placeholder=\"\" id=\"forminator-field-phone-1_69edd18e41cd5\" class=\"forminator-input forminator-field--phone\" data-required=\"\" aria-required=\"false\" autocomplete=\"off\" \/><\/div><\/div><\/div><div class=\"forminator-row\"><div id=\"address-1\" class=\"forminator-field-address forminator-col forminator-col-12 \"><div class=\"forminator-row\"><div id=\"address-1-street_address\" class=\"forminator-col\"><div class=\"forminator-field\"><label for=\"forminator-field-address-1-street_address_69edd18e41cd5\" id=\"forminator-field-address-1-street_address_69edd18e41cd5-label\" class=\"forminator-label\">Osoite<\/label><input type=\"text\" name=\"address-1-street_address\" placeholder=\"\" id=\"forminator-field-address-1-street_address_69edd18e41cd5\" class=\"forminator-input\" data-required=\"\" aria-required=\"false\" autocomplete=\"address-line1\" value=\"\" \/><\/div><\/div><\/div><\/div><\/div><div class=\"forminator-row\"><div id=\"text-2\" class=\"forminator-field-text forminator-col forminator-col-12 \"><div class=\"forminator-field\"><label for=\"forminator-field-text-2_69edd18e41cd5\" id=\"forminator-field-text-2_69edd18e41cd5-label\" class=\"forminator-label\">Aihe <span class=\"forminator-required\">*<\/span><\/label><input type=\"text\" name=\"text-2\" value=\"\" placeholder=\"\" id=\"forminator-field-text-2_69edd18e41cd5\" class=\"forminator-input forminator-name--field\" data-required=\"1\" \/><\/div><\/div><\/div><div class=\"forminator-row\"><div id=\"textarea-1\" class=\"forminator-field-textarea forminator-col forminator-col-12 \"><div class=\"forminator-field\"><label for=\"forminator-field-textarea-1_69edd18e41cd5\" id=\"forminator-field-textarea-1_69edd18e41cd5-label\" class=\"forminator-label\">Viestisi (valinnainen) <span class=\"forminator-required\">*<\/span><\/label><textarea name=\"textarea-1\" placeholder=\"\" id=\"forminator-field-textarea-1_69edd18e41cd5\" class=\"forminator-textarea\" rows=\"6\" style=\"--forminator-textarea-min-height:140px;\" ><\/textarea><\/div><\/div><\/div><input type=\"hidden\" name=\"referer_url\" value=\"\" \/><div class=\"forminator-row forminator-row-last\"><div class=\"forminator-col\"><div class=\"forminator-field\"><button class=\"forminator-button forminator-button-submit\">L&auml;het&auml;<\/button><\/div><\/div><\/div><input type=\"hidden\" id=\"forminator_nonce\" name=\"forminator_nonce\" value=\"18c11d2d8b\" \/><input type=\"hidden\" name=\"_wp_http_referer\" value=\"\/index.php\/wp-json\/wp\/v2\/pages\/163\" \/><input type=\"hidden\" name=\"form_id\" value=\"258\"><input type=\"hidden\" name=\"page_id\" value=\"163\"><input type=\"hidden\" name=\"form_type\" value=\"default\"><input type=\"hidden\" name=\"current_url\" value=\"https:\/\/www.laplandsahko.fi\/index.php\/yhteystietomme\/\"><input type=\"hidden\" name=\"render_id\" value=\"0\"><input type=\"hidden\" name=\"action\" value=\"forminator_submit_form_custom-forms\"><\/form><\/div>\n\n\n\n<h3 class=\"wp-block-heading\"><strong>Ty\u00f6st\u00e4 tai harjoittelusta kiinnostuneita pyyd\u00e4mme ottamaan yhteytt\u00e4 s\u00e4hk\u00f6postitse: iwona.laplandsahko@gmail.com<\/strong><\/h3>\n\n\n\n<div class=\"wp-block-cover alignfull\" style=\"min-height:420px;aspect-ratio:unset;\"><span aria-hidden=\"true\" class=\"wp-block-cover__background has-nv-light-bg-background-color has-background-dim-100 has-background-dim\"><\/span><div class=\"wp-block-cover__inner-container is-layout-flow wp-block-cover-is-layout-flow\">\n<div class=\"wp-block-columns is-layout-flex wp-container-core-columns-is-layout-28f84493 wp-block-columns-is-layout-flex\">\n<div class=\"wp-block-column ticss-4ce656f1 is-layout-flow wp-block-column-is-layout-flow\" style=\"padding-right:var(--wp--preset--spacing--30);padding-left:var(--wp--preset--spacing--30)\">\n<div class=\"wp-block-group has-nv-site-bg-background-color has-background is-layout-flow wp-block-group-is-layout-flow\" style=\"border-radius:24px\">\n<div style=\"height:24px\" aria-hidden=\"true\" class=\"wp-block-spacer\"><\/div>\n\n\n\n<figure class=\"wp-block-image aligncenter size-full icon-style is-style-default\"><img decoding=\"async\" src=\"https:\/\/www.laplandsahko.fi\/wp-content\/themes\/neve\/assets\/img\/starter-content\/neve-marketing-icon-7.png\" alt=\"\"\/><\/figure>\n\n\n\n<div style=\"height:24px\" aria-hidden=\"true\" class=\"wp-block-spacer\"><\/div>\n\n\n\n<h3 class=\"wp-block-heading has-text-align-center has-neve-text-color-color has-text-color\"><mark style=\"background-color:rgba(0, 0, 0, 0)\" class=\"has-inline-color has-vivid-cyan-blue-color\">PUHELINNUMERO<\/mark><\/h3>\n\n\n\n<p class=\"has-text-align-center has-neve-text-color-color has-text-color\" style=\"font-size:15px\"><strong><mark style=\"background-color:rgba(0, 0, 0, 0)\" class=\"has-inline-color has-vivid-cyan-blue-color\">045 78382193<\/mark><\/strong><\/p>\n<\/div>\n<\/div>\n\n\n\n<div class=\"wp-block-column ticss-f6fc7494 is-layout-flow wp-block-column-is-layout-flow\" style=\"padding-right:var(--wp--preset--spacing--30);padding-left:var(--wp--preset--spacing--30)\">\n<div class=\"wp-block-group has-nv-site-bg-background-color has-background is-layout-flow wp-block-group-is-layout-flow\" style=\"border-radius:24px\">\n<div style=\"height:24px\" aria-hidden=\"true\" class=\"wp-block-spacer\"><\/div>\n\n\n\n<figure class=\"wp-block-image aligncenter size-full icon-style is-style-default\"><img decoding=\"async\" src=\"https:\/\/www.laplandsahko.fi\/wp-content\/themes\/neve\/assets\/img\/starter-content\/neve-marketing-icon-5.png\" alt=\"\"\/><\/figure>\n\n\n\n<div style=\"height:24px\" aria-hidden=\"true\" class=\"wp-block-spacer\"><\/div>\n\n\n\n<h3 class=\"wp-block-heading has-text-align-center has-neve-text-color-color has-text-color\"><mark style=\"background-color:rgba(0, 0, 0, 0)\" class=\"has-inline-color has-vivid-cyan-blue-color\">S\u00c4HK\u00d6POSTI<\/mark><\/h3>\n\n\n\n<h6 class=\"wp-block-heading has-text-align-center\"><mark style=\"background-color:rgba(0, 0, 0, 0)\" class=\"has-inline-color has-nv-dark-bg-color\"><sub><a href=\"mailto:laplandsahko@gmail.com\">laplandsahko@gmail.com<\/a><\/sub><\/mark><\/h6>\n\n\n\n<div style=\"height:24px\" aria-hidden=\"true\" class=\"wp-block-spacer\"><\/div>\n<\/div>\n<\/div>\n\n\n\n<div class=\"wp-block-column ticss-a5b4df29 is-layout-flow wp-block-column-is-layout-flow\" style=\"padding-right:var(--wp--preset--spacing--30);padding-left:var(--wp--preset--spacing--30)\">\n<div class=\"wp-block-group has-nv-site-bg-background-color has-background is-layout-flow wp-block-group-is-layout-flow\" style=\"border-radius:24px\">\n<div style=\"height:24px\" aria-hidden=\"true\" class=\"wp-block-spacer\"><\/div>\n\n\n\n<figure class=\"wp-block-image aligncenter size-full icon-style is-style-default\"><img decoding=\"async\" src=\"https:\/\/www.laplandsahko.fi\/wp-content\/themes\/neve\/assets\/img\/starter-content\/neve-marketing-icon-6.png\" alt=\"\"\/><\/figure>\n\n\n\n<div style=\"height:24px\" aria-hidden=\"true\" class=\"wp-block-spacer\"><\/div>\n\n\n\n<h3 class=\"wp-block-heading has-text-align-center has-neve-text-color-color has-text-color\"><mark style=\"background-color:rgba(0, 0, 0, 0)\" class=\"has-inline-color has-vivid-cyan-blue-color\">OSOITE<\/mark><\/h3>\n\n\n\n<p class=\"has-text-align-center has-neve-text-color-color has-text-color\" style=\"font-size:15px\"><strong><a href=\"https:\/\/maps.app.goo.gl\/UnQ8k7eiURtKLa8CA\">Hillapolku 9, 96500 Rovaniemi<\/a><\/strong><\/p>\n\n\n\n<div style=\"height:24px\" aria-hidden=\"true\" class=\"wp-block-spacer\"><\/div>\n<\/div>\n<\/div>\n<\/div>\n<\/div><\/div>\n\n\n\n<div class=\"wp-block-cover alignfull\" style=\"min-height:245px;aspect-ratio:unset;\"><span aria-hidden=\"true\" class=\"wp-block-cover__background has-nv-dark-bg-background-color has-background-dim-100 has-background-dim\"><\/span><div class=\"wp-block-cover__inner-container is-layout-flow wp-block-cover-is-layout-flow\">\n<p class=\"has-text-align-center has-large-font-size\"><\/p>\n\n\n\n<iframe src=\"https:\/\/www.google.com\/maps\/embed?pb=!1m18!1m12!1m3!1d1590.2420768919208!2d25.677400476975297!3d66.51087121697478!2m3!1f0!2f0!3f0!3m2!1i1024!2i768!4f13.1!3m3!1m2!1s0x442b4b0a6c47afd3%3A0xa45ab53113e5a376!2zTGFwbGFuZCBTw6Roa8O2IE95!5e0!3m2!1spl!2sfi!4v1744131024649!5m2!1spl!2sfi\" width=\"600\" height=\"450\" style=\"border:0;\" allowfullscreen=\"\" loading=\"lazy\" referrerpolicy=\"no-referrer-when-downgrade\"><\/iframe>\n\n\n\n<p class=\"has-text-align-center has-large-font-size\"><\/p>\n<\/div><\/div>\n\n\n\n<p><\/p>\n\n<head><!-- Event snippet for Contact conversion page -->\n<script>\n  gtag('event', 'conversion', {'send_to': 'AW-16984599497\/azaCCLyQxrgaEMnX8aI_'});\n<\/script><\/head>","protected":false},"excerpt":{"rendered":"<p>Ota yhteytt\u00e4 T\u00e4yt\u00e4 lomake ja valitse juuri sinua kiinnostava palvelu, niin olemme yhteydess\u00e4 mahdollisimman pian. Ty\u00f6st\u00e4 tai harjoittelusta kiinnostuneita pyyd\u00e4mme ottamaan yhteytt\u00e4 s\u00e4hk\u00f6postitse: iwona.laplandsahko@gmail.com<\/p>\n","protected":false},"author":1,"featured_media":0,"parent":0,"menu_order":0,"comment_status":"closed","ping_status":"closed","template":"","meta":{"footnotes":""},"class_list":["post-163","page","type-page","status-publish","hentry"],"_links":{"self":[{"href":"https:\/\/www.laplandsahko.fi\/index.php\/wp-json\/wp\/v2\/pages\/163","targetHints":{"allow":["GET"]}}],"collection":[{"href":"https:\/\/www.laplandsahko.fi\/index.php\/wp-json\/wp\/v2\/pages"}],"about":[{"href":"https:\/\/www.laplandsahko.fi\/index.php\/wp-json\/wp\/v2\/types\/page"}],"author":[{"embeddable":true,"href":"https:\/\/www.laplandsahko.fi\/index.php\/wp-json\/wp\/v2\/users\/1"}],"replies":[{"embeddable":true,"href":"https:\/\/www.laplandsahko.fi\/index.php\/wp-json\/wp\/v2\/comments?post=163"}],"version-history":[{"count":23,"href":"https:\/\/www.laplandsahko.fi\/index.php\/wp-json\/wp\/v2\/pages\/163\/revisions"}],"predecessor-version":[{"id":293,"href":"https:\/\/www.laplandsahko.fi\/index.php\/wp-json\/wp\/v2\/pages\/163\/revisions\/293"}],"wp:attachment":[{"href":"https:\/\/www.laplandsahko.fi\/index.php\/wp-json\/wp\/v2\/media?parent=163"}],"curies":[{"name":"wp","href":"https:\/\/api.w.org\/{rel}","templated":true}]}}